{"id":5,"date":"2021-05-28T10:23:28","date_gmt":"2021-05-28T10:23:28","guid":{"rendered":"https:\/\/nanocars.de\/?page_id=5"},"modified":"2021-08-06T14:57:14","modified_gmt":"2021-08-06T12:57:14","slug":"willkommen-auf-https-nanocars-de-2","status":"publish","type":"page","link":"https:\/\/nanocars.de\/","title":{"rendered":"Home"},"content":{"rendered":"\n<figure class=\"wp-block-image size-large\"><img loading=\"lazy\" decoding=\"async\" width=\"1024\" height=\"256\" src=\"https:\/\/nanocars.de\/wp-content\/uploads\/2021\/08\/Banner-quer-Home-1024x256.png\" alt=\"\" class=\"wp-image-1959\" srcset=\"https:\/\/nanocars.de\/wp-content\/uploads\/2021\/08\/Banner-quer-Home-1024x256.png 1024w, https:\/\/nanocars.de\/wp-content\/uploads\/2021\/08\/Banner-quer-Home-300x75.png 300w, https:\/\/nanocars.de\/wp-content\/uploads\/2021\/08\/Banner-quer-Home-768x192.png 768w, https:\/\/nanocars.de\/wp-content\/uploads\/2021\/08\/Banner-quer-Home-1536x384.png 1536w, https:\/\/nanocars.de\/wp-content\/uploads\/2021\/08\/Banner-quer-Home-500x125.png 500w, https:\/\/nanocars.de\/wp-content\/uploads\/2021\/08\/Banner-quer-Home-800x200.png 800w, https:\/\/nanocars.de\/wp-content\/uploads\/2021\/08\/Banner-quer-Home-1280x320.png 1280w, https:\/\/nanocars.de\/wp-content\/uploads\/2021\/08\/Banner-quer-Home-1920x480.png 1920w, https:\/\/nanocars.de\/wp-content\/uploads\/2021\/08\/Banner-quer-Home-600x150.png 600w, https:\/\/nanocars.de\/wp-content\/uploads\/2021\/08\/Banner-quer-Home.png 2000w\" sizes=\"(max-width: 1024px) 100vw, 1024px\" \/><\/figure>\n\n\n\n<div class=\"wp-block-columns is-layout-flex wp-container-core-columns-layout-1 wp-block-columns-is-layout-flex\">\n<div class=\"wp-block-column is-layout-flow wp-block-column-is-layout-flow\">\n<h2 class=\"wp-block-heading\"><strong>Leichtkraftfahrzeuge | Fahrbar ab 15 Jahren!<\/strong><\/h2>\n\n\n\n<p style=\"font-size:23px\">Bereit f\u00fcr die neue Freiheit? <strong>AIXAM-Fahrzeuge<\/strong>&nbsp;der Kategorie L6eB d\u00fcrfen&nbsp;<strong>ab 15 Jahren<\/strong>&nbsp;mit der&nbsp;<strong>F\u00fchrerscheinklasse AM<\/strong>&nbsp;gefahren werden. Zus\u00e4tzlich&#8230; <\/p>\n\n\n\n<div class=\"wp-block-buttons is-layout-flex wp-block-buttons-is-layout-flex\">\n<div class=\"wp-block-button has-custom-width wp-block-button__width-75\"><a class=\"wp-block-button__link has-vivid-red-background-color has-background no-border-radius\" href=\"https:\/\/nanocars.de\/?page_id=636\">Mehr erfahren!<\/a><\/div>\n<\/div>\n<\/div>\n\n\n\n<div class=\"wp-block-column is-layout-flow wp-block-column-is-layout-flow\" style=\"flex-basis:60%\">\n<figure class=\"wp-block-embed is-type-video is-provider-youtube wp-block-embed-youtube wp-embed-aspect-16-9 wp-has-aspect-ratio\"><div class=\"wp-block-embed__wrapper\">\n<iframe loading=\"lazy\" title=\"Mein erstes eigenes Auto mit 15 Jahren \ud83d\ude31\ud83d\ude0d | Marina und die Ponys\" width=\"720\" height=\"405\" src=\"https:\/\/www.youtube.com\/embed\/ytazZMxsgDs?feature=oembed\" frameborder=\"0\" allow=\"accelerometer; autoplay; clipboard-write; encrypted-media; gyroscope; picture-in-picture\" allowfullscreen><\/iframe>\n<\/div><\/figure>\n<\/div>\n<\/div>\n\n\n\n<hr class=\"wp-block-separator\"\/>\n\n\n\n<figure class=\"wp-block-image size-large\"><img loading=\"lazy\" decoding=\"async\" width=\"1024\" height=\"102\" src=\"https:\/\/nanocars.de\/wp-content\/uploads\/2021\/08\/Banner-quer-Home-schmal-1024x102.png\" alt=\"\" class=\"wp-image-1975\" srcset=\"https:\/\/nanocars.de\/wp-content\/uploads\/2021\/08\/Banner-quer-Home-schmal-1024x102.png 1024w, https:\/\/nanocars.de\/wp-content\/uploads\/2021\/08\/Banner-quer-Home-schmal-300x30.png 300w, https:\/\/nanocars.de\/wp-content\/uploads\/2021\/08\/Banner-quer-Home-schmal-768x77.png 768w, https:\/\/nanocars.de\/wp-content\/uploads\/2021\/08\/Banner-quer-Home-schmal-1536x154.png 1536w, https:\/\/nanocars.de\/wp-content\/uploads\/2021\/08\/Banner-quer-Home-schmal-500x50.png 500w, https:\/\/nanocars.de\/wp-content\/uploads\/2021\/08\/Banner-quer-Home-schmal-800x80.png 800w, https:\/\/nanocars.de\/wp-content\/uploads\/2021\/08\/Banner-quer-Home-schmal-1280x128.png 1280w, https:\/\/nanocars.de\/wp-content\/uploads\/2021\/08\/Banner-quer-Home-schmal-1920x192.png 1920w, https:\/\/nanocars.de\/wp-content\/uploads\/2021\/08\/Banner-quer-Home-schmal-600x60.png 600w, https:\/\/nanocars.de\/wp-content\/uploads\/2021\/08\/Banner-quer-Home-schmal.png 2000w\" sizes=\"(max-width: 1024px) 100vw, 1024px\" \/><\/figure>\n\n\n\n<hr class=\"wp-block-separator\"\/>\n\n\n\n<div class=\"wp-block-buttons is-layout-flex wp-block-buttons-is-layout-flex\"><\/div>\n\n\n\n<div class=\"wp-block-buttons is-layout-flex wp-block-buttons-is-layout-flex\"><\/div>\n\n\n\n<div class=\"wp-block-columns is-layout-flex wp-container-core-columns-layout-2 wp-block-columns-is-layout-flex\">\n<div class=\"wp-block-column is-layout-flow wp-block-column-is-layout-flow\" style=\"flex-basis:60%\"><div class=\"n2-section-smartslider fitvidsignore  n2_clear\" data-ssid=\"45\"><div id=\"n2-ss-45-align\" class=\"n2-ss-align\"><div class=\"n2-padding\"><div id=\"n2-ss-45\" data-creator=\"Smart Slider 3\" data-responsive=\"auto\" class=\"n2-ss-slider n2-ow n2-has-hover n2notransition  \">\n        <div class=\"n2-ss-slider-1 n2_ss__touch_element n2-ow\">\n            <div class=\"n2-ss-slider-2 n2-ow\">\n                                                <div class=\"n2-ss-slider-3 n2-ow\">\n\n                    <div class=\"n2-ss-slide-backgrounds n2-ow-all\"><div class=\"n2-ss-slide-background\" data-public-id=\"1\" data-mode=\"fit\"><div class=\"n2-ss-slide-background-image\" data-blur=\"0\" data-opacity=\"100\" data-x=\"50\" data-y=\"50\" data-alt=\"\" data-title=\"\"><picture class=\"skip-lazy\" data-skip-lazy=\"1\"><img decoding=\"async\" src=\"\/\/nanocars.de\/wp-content\/uploads\/2021\/08\/crossover-slide-1-scaled.jpg\" alt=\"\" title=\"\" loading=\"lazy\" class=\"skip-lazy\" data-skip-lazy=\"1\"><\/picture><\/div><div data-color=\"RGBA(255,255,255,0)\" style=\"background-color: RGBA(255,255,255,0);\" class=\"n2-ss-slide-background-color\"><\/div><\/div><div class=\"n2-ss-slide-background\" data-public-id=\"2\" data-mode=\"fit\" aria-hidden=\"true\"><div class=\"n2-ss-slide-background-image\" data-blur=\"0\" data-opacity=\"100\" data-x=\"50\" data-y=\"50\" data-alt=\"\" data-title=\"\"><picture class=\"skip-lazy\" data-skip-lazy=\"1\"><img decoding=\"async\" src=\"\/\/nanocars.de\/wp-content\/uploads\/2021\/08\/coupe-evo-slide-1-scaled.jpg\" alt=\"\" title=\"\" loading=\"lazy\" class=\"skip-lazy\" data-skip-lazy=\"1\"><\/picture><\/div><div data-color=\"RGBA(255,255,255,0)\" style=\"background-color: RGBA(255,255,255,0);\" class=\"n2-ss-slide-background-color\"><\/div><\/div><div class=\"n2-ss-slide-background\" data-public-id=\"3\" data-mode=\"fit\" aria-hidden=\"true\"><div class=\"n2-ss-slide-background-image\" data-blur=\"0\" data-opacity=\"100\" data-x=\"50\" data-y=\"50\" data-alt=\"\" data-title=\"\"><picture class=\"skip-lazy\" data-skip-lazy=\"1\"><img decoding=\"async\" src=\"\/\/nanocars.de\/wp-content\/uploads\/2021\/07\/City-Premium-Slide-1-scaled.jpg\" alt=\"\" title=\"\" loading=\"lazy\" class=\"skip-lazy\" data-skip-lazy=\"1\"><\/picture><\/div><div data-color=\"RGBA(255,255,255,0)\" style=\"background-color: RGBA(255,255,255,0);\" class=\"n2-ss-slide-background-color\"><\/div><\/div><div class=\"n2-ss-slide-background\" data-public-id=\"4\" data-mode=\"fit\" aria-hidden=\"true\"><div class=\"n2-ss-slide-background-image\" data-blur=\"0\" data-opacity=\"100\" data-x=\"50\" data-y=\"50\" data-alt=\"\" data-title=\"\"><picture class=\"skip-lazy\" data-skip-lazy=\"1\"><img decoding=\"async\" src=\"\/\/nanocars.de\/wp-content\/uploads\/2021\/06\/CITSPO_BLN_Couverture2020-1-scaled.jpg\" alt=\"\" title=\"\" loading=\"lazy\" class=\"skip-lazy\" data-skip-lazy=\"1\"><\/picture><\/div><div data-color=\"RGBA(255,255,255,0)\" style=\"background-color: RGBA(255,255,255,0);\" class=\"n2-ss-slide-background-color\"><\/div><\/div><div class=\"n2-ss-slide-background\" data-public-id=\"5\" data-mode=\"fit\" aria-hidden=\"true\"><div class=\"n2-ss-slide-background-image\" data-blur=\"0\" data-opacity=\"100\" data-x=\"50\" data-y=\"50\" data-alt=\"\" data-title=\"\"><picture class=\"skip-lazy\" data-skip-lazy=\"1\"><img decoding=\"async\" src=\"\/\/nanocars.de\/wp-content\/uploads\/2021\/08\/GTI-Slide-1-scaled.jpg\" alt=\"\" title=\"\" loading=\"lazy\" class=\"skip-lazy\" data-skip-lazy=\"1\"><\/picture><\/div><div data-color=\"RGBA(255,255,255,0)\" style=\"background-color: RGBA(255,255,255,0);\" class=\"n2-ss-slide-background-color\"><\/div><\/div><\/div>                    <div class=\"n2-ss-slider-4 n2-ow\">\n                        <svg xmlns=\"http:\/\/www.w3.org\/2000\/svg\" viewBox=\"0 0 1200 1000\" data-related-device=\"desktopPortrait\" class=\"n2-ow n2-ss-preserve-size n2-ss-preserve-size--slider n2-ss-slide-limiter\"><\/svg><div data-first=\"1\" data-slide-duration=\"0\" data-id=\"304\" data-slide-public-id=\"1\" data-title=\"crossover slide 1\" class=\"n2-ss-slide n2-ow  n2-ss-slide-304\"><div role=\"note\" class=\"n2-ss-slide--focus\" tabindex=\"-1\">crossover slide 1<\/div><div class=\"n2-ss-layers-container n2-ss-slide-limiter n2-ow\"><div class=\"n2-ss-layer n2-ow n-uc-vbwQevRbuoId\" data-sstype=\"slide\" data-pm=\"default\"><\/div><\/div><\/div><div data-slide-duration=\"0\" data-id=\"305\" data-slide-public-id=\"2\" aria-hidden=\"true\" data-title=\"coupe evo slide 1\" class=\"n2-ss-slide n2-ow  n2-ss-slide-305\"><div role=\"note\" class=\"n2-ss-slide--focus\" tabindex=\"-1\">coupe evo slide 1<\/div><div class=\"n2-ss-layers-container n2-ss-slide-limiter n2-ow\"><div class=\"n2-ss-layer n2-ow n-uc-5xnal33i8MYy\" data-sstype=\"slide\" data-pm=\"default\"><\/div><\/div><\/div><div data-slide-duration=\"0\" data-id=\"306\" data-slide-public-id=\"3\" aria-hidden=\"true\" data-title=\"City Premium Slide 1\" class=\"n2-ss-slide n2-ow  n2-ss-slide-306\"><div role=\"note\" class=\"n2-ss-slide--focus\" tabindex=\"-1\">City Premium Slide 1<\/div><div class=\"n2-ss-layers-container n2-ss-slide-limiter n2-ow\"><div class=\"n2-ss-layer n2-ow n-uc-K1fgGCXRhaja\" data-sstype=\"slide\" data-pm=\"default\"><\/div><\/div><\/div><div data-slide-duration=\"0\" data-id=\"307\" data-slide-public-id=\"4\" aria-hidden=\"true\" data-title=\"CITSPO_BLN_Couverture2020\" class=\"n2-ss-slide n2-ow  n2-ss-slide-307\"><div role=\"note\" class=\"n2-ss-slide--focus\" tabindex=\"-1\">CITSPO_BLN_Couverture2020<\/div><div class=\"n2-ss-layers-container n2-ss-slide-limiter n2-ow\"><div class=\"n2-ss-layer n2-ow n-uc-q5hiYSlH39xe\" data-sstype=\"slide\" data-pm=\"default\"><\/div><\/div><\/div><div data-slide-duration=\"0\" data-id=\"308\" data-slide-public-id=\"5\" aria-hidden=\"true\" data-title=\"GTI Slide 1\" class=\"n2-ss-slide n2-ow  n2-ss-slide-308\"><div role=\"note\" class=\"n2-ss-slide--focus\" tabindex=\"-1\">GTI Slide 1<\/div><div class=\"n2-ss-layers-container n2-ss-slide-limiter n2-ow\"><div class=\"n2-ss-layer n2-ow n-uc-wkStNYDSsam6\" data-sstype=\"slide\" data-pm=\"default\"><\/div><\/div><\/div>                    <\/div>\n\n                                    <\/div>\n            <\/div>\n        <\/div>\n        <\/div><ss3-loader><\/ss3-loader><\/div><\/div><div class=\"n2_clear\"><\/div><\/div>\n\n\n<div class=\"wp-block-buttons is-layout-flex wp-block-buttons-is-layout-flex\"><\/div>\n<\/div>\n\n\n\n<div class=\"wp-block-column is-layout-flow wp-block-column-is-layout-flow\" style=\"flex-basis:40%\">\n<h2 class=\"wp-block-heading\"><strong>Die Aixam Modellpalette | Vom sportlichem Coup\u00e8 bis zum Nutzfahrzeug<\/strong><\/h2>\n\n\n\n<p style=\"font-size:23px\">Entdecken Sie die  Modellreihe Emotion, das Einsteigermodell MINAUTO mit besonders attraktivem Preis und den&#8230;  <\/p>\n\n\n\n<div class=\"wp-block-buttons is-layout-flex wp-block-buttons-is-layout-flex\">\n<div class=\"wp-block-button has-custom-width wp-block-button__width-75\"><a class=\"wp-block-button__link has-vivid-red-background-color has-background no-border-radius\" href=\"https:\/\/nanocars.de\/?page_id=46\">Mehr erfahren!<\/a><\/div>\n<\/div>\n<\/div>\n<\/div>\n","protected":false},"excerpt":{"rendered":"<p>Leichtkraftfahrzeuge | Fahrbar ab 15 Jahren! Bereit f\u00fcr die neue Freiheit? AIXAM-Fahrzeuge&nbsp;der Kategorie L6eB d\u00fcrfen&nbsp;ab 15 Jahren&nbsp;mit der&nbsp;F\u00fchrerscheinklasse AM&nbsp;gefahren werden. Zus\u00e4tzlich&#8230; Die Aixam Modellpalette | Vom sportlichem Coup\u00e8 bis zum Nutzfahrzeug Entdecken Sie die Modellreihe Emotion, das Einsteigermodell MINAUTO mit besonders attraktivem Preis und den&#8230;<\/p>\n","protected":false},"author":1,"featured_media":0,"parent":0,"menu_order":0,"comment_status":"closed","ping_status":"open","template":"","meta":{"footnotes":"","_vp_format_video_url":"","_vp_image_focal_point":[]},"_links":{"self":[{"href":"https:\/\/nanocars.de\/index.php?rest_route=\/wp\/v2\/pages\/5"}],"collection":[{"href":"https:\/\/nanocars.de\/index.php?rest_route=\/wp\/v2\/pages"}],"about":[{"href":"https:\/\/nanocars.de\/index.php?rest_route=\/wp\/v2\/types\/page"}],"author":[{"embeddable":true,"href":"https:\/\/nanocars.de\/index.php?rest_route=\/wp\/v2\/users\/1"}],"replies":[{"embeddable":true,"href":"https:\/\/nanocars.de\/index.php?rest_route=%2Fwp%2Fv2%2Fcomments&post=5"}],"version-history":[{"count":33,"href":"https:\/\/nanocars.de\/index.php?rest_route=\/wp\/v2\/pages\/5\/revisions"}],"predecessor-version":[{"id":1994,"href":"https:\/\/nanocars.de\/index.php?rest_route=\/wp\/v2\/pages\/5\/revisions\/1994"}],"wp:attachment":[{"href":"https:\/\/nanocars.de\/index.php?rest_route=%2Fwp%2Fv2%2Fmedia&parent=5"}],"curies":[{"name":"wp","href":"https:\/\/api.w.org\/{rel}","templated":true}]}}