{"id":1602,"date":"2021-08-04T10:44:06","date_gmt":"2021-08-04T08:44:06","guid":{"rendered":"https:\/\/nanocars.de\/?page_id=1602"},"modified":"2021-08-04T15:26:31","modified_gmt":"2021-08-04T13:26:31","slug":"aixam-minauto","status":"publish","type":"page","link":"https:\/\/nanocars.de\/?page_id=1602","title":{"rendered":"Aixam Minauto"},"content":{"rendered":"\n<figure class=\"wp-block-image size-large is-style-rounded\"><img loading=\"lazy\" decoding=\"async\" width=\"1000\" height=\"250\" src=\"https:\/\/nanocars.de\/wp-content\/uploads\/2021\/08\/Minauto-Banner.png\" alt=\"\" class=\"wp-image-1603\" srcset=\"https:\/\/nanocars.de\/wp-content\/uploads\/2021\/08\/Minauto-Banner.png 1000w, https:\/\/nanocars.de\/wp-content\/uploads\/2021\/08\/Minauto-Banner-300x75.png 300w, https:\/\/nanocars.de\/wp-content\/uploads\/2021\/08\/Minauto-Banner-768x192.png 768w, https:\/\/nanocars.de\/wp-content\/uploads\/2021\/08\/Minauto-Banner-500x125.png 500w, https:\/\/nanocars.de\/wp-content\/uploads\/2021\/08\/Minauto-Banner-800x200.png 800w, https:\/\/nanocars.de\/wp-content\/uploads\/2021\/08\/Minauto-Banner-600x150.png 600w\" sizes=\"(max-width: 1000px) 100vw, 1000px\" \/><\/figure>\n\n\n\n<div class=\"wp-block-columns is-layout-flex wp-container-core-columns-layout-1 wp-block-columns-is-layout-flex\">\n<div class=\"wp-block-column is-layout-flow wp-block-column-is-layout-flow\" style=\"flex-basis:50%\">\n<p class=\"has-text-align-left\" style=\"font-size:23px\">Das Einsteigermodell der Leichtkraftfahrzeuge. Aixam pr\u00e4sentiert seine brandneue <strong>MINAUTO 2021<\/strong> Baureihe, mit neustem <strong>Kubota Motor<\/strong> und vollkommen \u00fcberarbeitetem Design. Ausdrucksstark, praktisch und ausgesprochen erschwinglich, erm\u00f6glicht das <strong>MINAUTO<\/strong> Mobilit\u00e4t f\u00fcr jeden. Kraftvoll und dynamisch mit einem Kubota <strong>Euro 4 Dieselmotor<\/strong>  und 6kW ausgestattet. Lassen Sie sich inspirieren von den M\u00f6glichkeiten der neuen <strong>Mobilit\u00e4t ab 15<\/strong> <strong>Jahren!<\/strong><\/p>\n<\/div>\n\n\n\n<div class=\"wp-block-column is-layout-flow wp-block-column-is-layout-flow\" style=\"flex-basis:50%\">\n<figure class=\"wp-block-image size-large\"><a href=\"https:\/\/nanocars.de\/?page_id=1650\"><img loading=\"lazy\" decoding=\"async\" width=\"700\" height=\"700\" src=\"https:\/\/nanocars.de\/wp-content\/uploads\/2021\/08\/GT-Button-700x700-1.png\" alt=\"\" class=\"wp-image-1604\" srcset=\"https:\/\/nanocars.de\/wp-content\/uploads\/2021\/08\/GT-Button-700x700-1.png 700w, https:\/\/nanocars.de\/wp-content\/uploads\/2021\/08\/GT-Button-700x700-1-300x300.png 300w, https:\/\/nanocars.de\/wp-content\/uploads\/2021\/08\/GT-Button-700x700-1-150x150.png 150w, https:\/\/nanocars.de\/wp-content\/uploads\/2021\/08\/GT-Button-700x700-1-500x500.png 500w, https:\/\/nanocars.de\/wp-content\/uploads\/2021\/08\/GT-Button-700x700-1-600x600.png 600w, https:\/\/nanocars.de\/wp-content\/uploads\/2021\/08\/GT-Button-700x700-1-100x100.png 100w\" sizes=\"(max-width: 700px) 100vw, 700px\" \/><\/a><\/figure>\n<\/div>\n<\/div>\n\n\n\n<div class=\"wp-block-columns is-layout-flex wp-container-core-columns-layout-2 wp-block-columns-is-layout-flex\">\n<div class=\"wp-block-column is-layout-flow wp-block-column-is-layout-flow\" style=\"flex-basis:45%\">\n<p class=\"has-medium-font-size\"><\/p>\n<\/div>\n<\/div>\n\n\n\n<div class=\"wp-block-columns is-layout-flex wp-container-core-columns-layout-3 wp-block-columns-is-layout-flex\">\n<div class=\"wp-block-column is-layout-flow wp-block-column-is-layout-flow\">\n<figure class=\"wp-block-image size-large\"><a href=\"https:\/\/nanocars.de\/?page_id=1600\"><img loading=\"lazy\" decoding=\"async\" width=\"700\" height=\"700\" src=\"https:\/\/nanocars.de\/wp-content\/uploads\/2021\/08\/Access-Button-700x700-1.png\" alt=\"\" class=\"wp-image-1605\" srcset=\"https:\/\/nanocars.de\/wp-content\/uploads\/2021\/08\/Access-Button-700x700-1.png 700w, https:\/\/nanocars.de\/wp-content\/uploads\/2021\/08\/Access-Button-700x700-1-300x300.png 300w, https:\/\/nanocars.de\/wp-content\/uploads\/2021\/08\/Access-Button-700x700-1-150x150.png 150w, https:\/\/nanocars.de\/wp-content\/uploads\/2021\/08\/Access-Button-700x700-1-500x500.png 500w, https:\/\/nanocars.de\/wp-content\/uploads\/2021\/08\/Access-Button-700x700-1-600x600.png 600w, https:\/\/nanocars.de\/wp-content\/uploads\/2021\/08\/Access-Button-700x700-1-100x100.png 100w\" sizes=\"(max-width: 700px) 100vw, 700px\" \/><\/a><\/figure>\n<\/div>\n\n\n\n<div class=\"wp-block-column is-layout-flow wp-block-column-is-layout-flow\">\n<figure class=\"wp-block-image size-large\"><a href=\"https:\/\/nanocars.de\/?page_id=1673\"><img loading=\"lazy\" decoding=\"async\" width=\"700\" height=\"700\" src=\"https:\/\/nanocars.de\/wp-content\/uploads\/2021\/08\/Cross-Button-700x700-1.png\" alt=\"\" class=\"wp-image-1606\" srcset=\"https:\/\/nanocars.de\/wp-content\/uploads\/2021\/08\/Cross-Button-700x700-1.png 700w, https:\/\/nanocars.de\/wp-content\/uploads\/2021\/08\/Cross-Button-700x700-1-300x300.png 300w, https:\/\/nanocars.de\/wp-content\/uploads\/2021\/08\/Cross-Button-700x700-1-150x150.png 150w, https:\/\/nanocars.de\/wp-content\/uploads\/2021\/08\/Cross-Button-700x700-1-500x500.png 500w, https:\/\/nanocars.de\/wp-content\/uploads\/2021\/08\/Cross-Button-700x700-1-600x600.png 600w, https:\/\/nanocars.de\/wp-content\/uploads\/2021\/08\/Cross-Button-700x700-1-100x100.png 100w\" sizes=\"(max-width: 700px) 100vw, 700px\" \/><\/a><\/figure>\n<\/div>\n<\/div>\n","protected":false},"excerpt":{"rendered":"<p>Das Einsteigermodell der Leichtkraftfahrzeuge. Aixam pr\u00e4sentiert seine brandneue MINAUTO 2021 Baureihe, mit neustem Kubota Motor und vollkommen \u00fcberarbeitetem Design. Ausdrucksstark, praktisch und ausgesprochen erschwinglich, erm\u00f6glicht das MINAUTO Mobilit\u00e4t f\u00fcr jeden. Kraftvoll und dynamisch mit einem Kubota Euro 4 Dieselmotor und 6kW ausgestattet. Lassen Sie sich inspirieren von den M\u00f6glichkeiten der neuen Mobilit\u00e4t ab 15 Jahren!<\/p>\n","protected":false},"author":1,"featured_media":0,"parent":0,"menu_order":0,"comment_status":"closed","ping_status":"closed","template":"","meta":{"footnotes":"","_vp_format_video_url":"","_vp_image_focal_point":[]},"_links":{"self":[{"href":"https:\/\/nanocars.de\/index.php?rest_route=\/wp\/v2\/pages\/1602"}],"collection":[{"href":"https:\/\/nanocars.de\/index.php?rest_route=\/wp\/v2\/pages"}],"about":[{"href":"https:\/\/nanocars.de\/index.php?rest_route=\/wp\/v2\/types\/page"}],"author":[{"embeddable":true,"href":"https:\/\/nanocars.de\/index.php?rest_route=\/wp\/v2\/users\/1"}],"replies":[{"embeddable":true,"href":"https:\/\/nanocars.de\/index.php?rest_route=%2Fwp%2Fv2%2Fcomments&post=1602"}],"version-history":[{"count":4,"href":"https:\/\/nanocars.de\/index.php?rest_route=\/wp\/v2\/pages\/1602\/revisions"}],"predecessor-version":[{"id":1701,"href":"https:\/\/nanocars.de\/index.php?rest_route=\/wp\/v2\/pages\/1602\/revisions\/1701"}],"wp:attachment":[{"href":"https:\/\/nanocars.de\/index.php?rest_route=%2Fwp%2Fv2%2Fmedia&parent=1602"}],"curies":[{"name":"wp","href":"https:\/\/api.w.org\/{rel}","templated":true}]}}