{"id":158,"date":"2021-08-06T09:38:52","date_gmt":"2021-08-06T07:38:52","guid":{"rendered":"https:\/\/nanocars.de\/?page_id=158"},"modified":"2021-08-06T09:47:18","modified_gmt":"2021-08-06T07:47:18","slug":"impressum","status":"publish","type":"page","link":"https:\/\/nanocars.de\/?page_id=158","title":{"rendered":"Impressum"},"content":{"rendered":"\n<h1 class=\"has-text-align-center wp-block-heading\" style=\"font-size:50px\"><strong>Impressum<\/strong><\/h1>\n\n\n\n<div class=\"wp-block-columns is-layout-flex wp-container-core-columns-layout-1 wp-block-columns-is-layout-flex\">\n<div class=\"wp-block-column is-layout-flow wp-block-column-is-layout-flow\">\n<h2 class=\"wp-block-heading\">Allgemein<\/h2>\n\n\n\n<p>Es wurde alle Sorgfalt aufgewendet, die Richtigkeit der Angaben auf diesen Internetseiten sicherzustellen. Eventuelle Fehler sind dennoch nicht auszuschlie\u00dfen. F\u00fcr entsprechende Hinweise sind wir Ihnen dankbar.<\/p>\n\n\n\n<h2 class=\"wp-block-heading\">Warenzeichen<\/h2>\n\n\n\n<p>In den vorliegenden Inhalten werden eingetragene Warenzeichen, Handelsnamen und Gebrauchsnamen verwendet. Auch wenn diese nicht als solche gekennzeichnet sind, gelten die entsprechenden Schutzbestimmungen.<\/p>\n\n\n\n<h2 class=\"wp-block-heading\">Konformit\u00e4t mit Webstandards<\/h2>\n\n\n\n<p>Diese Website ist f\u00fcr Browser ab der vierten Generation entwickelt worden. Eine optimale Darstellung wird mit CSS-Unterst\u00fctzung und einer Bildschirmaufl\u00f6sung von mindestens 800&#215;600 Pixeln erreicht.<\/p>\n<\/div>\n\n\n\n<div class=\"wp-block-column is-layout-flow wp-block-column-is-layout-flow\">\n<h2 class=\"wp-block-heading\">Verwendete Hyperlinks<\/h2>\n\n\n\n<p>Mit Urteil vom 12. Mai 1998 hat das Landgericht Hamburg entschieden, dass man durch die Ausbringung eines Links die Inhalte der gelinkten Seite ggf. mit zu verantworten hat. Dies kann &#8211; so das Landesgericht &#8211; nur dadurch verhindert werden, dass man sich ausdr\u00fccklich von diesen Inhalten distanziert.<\/p>\n\n\n\n<p>Wir bietet Links zu anderen Seiten im Internet, bei denen keinerlei Einflu\u00df auf Gestaltung und Inhalte der gelinkten Seiten besteht. Deshalb distanzieren wir uns ausdr\u00fccklich von s\u00e4mtlichen Inhalten aller gelinkten Seiten und machen uns deren Inhalte nicht zu Eigen. Diese Erkl\u00e4rung gilt f\u00fcr alle in der Website verwendeten Links und f\u00fcr alle Inhalte der Seiten.<\/p>\n\n\n\n<h2 class=\"wp-block-heading\">Haftungsausschluss<\/h2>\n\n\n\n<p>Alle enthaltenen Informationen wurden mit gr\u00f6\u00dftm\u00f6glicher Sorgfalt kontrolliert. Wir k\u00f6nnen nicht f\u00fcr Sch\u00e4den haftbar gemacht werden, die in Zusammenhang mit der Verwendung dieser Inhalte entstehen k\u00f6nnten. Technische Angaben, Preise, Aussagen zu den Fahrzeugen und sonstige Fahrzeug relevante Daten sind Angaben des Herstellers. Alle Preise gelten unter Vorbehalt.<\/p>\n<\/div>\n<\/div>\n\n\n\n<p><strong>Anbieter im Sinne des<\/strong><br><strong>Mediendienste-Staatsvertrages (MDStV):<\/strong><\/p>\n\n\n\n<p>Autocenter Lahr GmbH &amp; Co. KG<br>Osterfeldstr. 11<br>44339 Dortmund, Deutschland<\/p>\n\n\n\n<p>Tel: +49 &#8211;&nbsp;(0) 0231-809080<br>Fax:+49 &#8211;&nbsp;(0) 0231-8090888<br>Email: michael.lahr@autocenter-lahr.de<\/p>\n\n\n\n<p>Gesch\u00e4ftsf\u00fchrer: Michael Lahr<br>USt.ID-Nr.: DE234378902<br>Steuer-Nr.: 317\/5700\/1087<br>Handelsregister: Dortmund, HRA 14682<\/p>\n\n\n\n<p>Pers\u00f6nlich haftende Gesellschafterin: Autocenter Lahr Verwaltungs GmbH<br>Handelsregisternummer der pers\u00f6nlich haftender Gesellschafterin: HRB 16456<br>Handelsregister\/Sitz der pers\u00f6nlich haftender Gesellschafterin: Dortmund<\/p>\n\n\n\n<p>Bankinstitut: Sparkasse Dortmund<br>BLZ: 440 501 99<br>Kto.-Nr.: 451008803<br>IBAN: DE27 4405 0199 0451 0088 03<br>SWIFT-BIC: DORTDE33XXX<\/p>\n\n\n\n<p>Bankinstitut: Dortmunder Volksbank eG<br>BLZ: 441 600 14<br>Kto.-Nr.: 6320777000<br>IBAN: DE93 4416 0014 6320 7770 00<br>BIC-Code: GENODEM1DOR<\/p>\n\n\n\n<p><strong>Verbraucherinformation gem\u00e4\u00df Verordnung (EU) Nr. 524\/2013:<\/strong>&nbsp;<\/p>\n\n\n\n<p class=\"has-black-color has-text-color\">Im Rahmen der Verordnung \u00fcber Online-Streitbeilegung in Verbraucherangelegenheiten steht Ihnen\u00a0 unter\u00a0<span style=\"color:#0693e3\" class=\"tadv-color\"><a href=\"http:\/\/ec.europa.eu\/consumers\/odr\/\" target=\"_blank\" rel=\"noreferrer noopener\">http:\/\/ec.europa.eu\/consumers\/odr\/\u00a0<\/a>\u00a0<\/span>eine Online-Streitbeilegungsplattform der EU-Kommission zur Verf\u00fcgung. Sie haben die M\u00f6glichkeit, diese Plattform f\u00fcr die Beilegung Ihrer Streitigkeiten zu nutzen.<\/p>\n","protected":false},"excerpt":{"rendered":"<p>Impressum Allgemein Es wurde alle Sorgfalt aufgewendet, die Richtigkeit der Angaben auf diesen Internetseiten sicherzustellen. Eventuelle Fehler sind dennoch nicht auszuschlie\u00dfen. F\u00fcr entsprechende Hinweise sind wir Ihnen dankbar. Warenzeichen In den vorliegenden Inhalten werden eingetragene Warenzeichen, Handelsnamen und Gebrauchsnamen verwendet. Auch wenn diese nicht als solche gekennzeichnet sind, gelten die entsprechenden Schutzbestimmungen. Konformit\u00e4t mit Webstandards [&hellip;]<\/p>\n","protected":false},"author":1,"featured_media":0,"parent":0,"menu_order":0,"comment_status":"closed","ping_status":"closed","template":"","meta":{"footnotes":"","_vp_format_video_url":"","_vp_image_focal_point":[]},"_links":{"self":[{"href":"https:\/\/nanocars.de\/index.php?rest_route=\/wp\/v2\/pages\/158"}],"collection":[{"href":"https:\/\/nanocars.de\/index.php?rest_route=\/wp\/v2\/pages"}],"about":[{"href":"https:\/\/nanocars.de\/index.php?rest_route=\/wp\/v2\/types\/page"}],"author":[{"embeddable":true,"href":"https:\/\/nanocars.de\/index.php?rest_route=\/wp\/v2\/users\/1"}],"replies":[{"embeddable":true,"href":"https:\/\/nanocars.de\/index.php?rest_route=%2Fwp%2Fv2%2Fcomments&post=158"}],"version-history":[{"count":10,"href":"https:\/\/nanocars.de\/index.php?rest_route=\/wp\/v2\/pages\/158\/revisions"}],"predecessor-version":[{"id":1928,"href":"https:\/\/nanocars.de\/index.php?rest_route=\/wp\/v2\/pages\/158\/revisions\/1928"}],"wp:attachment":[{"href":"https:\/\/nanocars.de\/index.php?rest_route=%2Fwp%2Fv2%2Fmedia&parent=158"}],"curies":[{"name":"wp","href":"https:\/\/api.w.org\/{rel}","templated":true}]}}