{"id":1531,"date":"2021-08-03T13:56:12","date_gmt":"2021-08-03T11:56:12","guid":{"rendered":"https:\/\/nanocars.de\/?page_id=1531"},"modified":"2022-01-18T11:24:25","modified_gmt":"2022-01-18T10:24:25","slug":"aixam-emotion-cross","status":"publish","type":"page","link":"https:\/\/nanocars.de\/?page_id=1531","title":{"rendered":"Aixam Emotion Cross"},"content":{"rendered":"\n<figure class=\"wp-block-image size-large is-style-rounded\"><img loading=\"lazy\" decoding=\"async\" width=\"1000\" height=\"250\" src=\"https:\/\/nanocars.de\/wp-content\/uploads\/2021\/08\/Emotion-Cross-Banner.png\" alt=\"\" class=\"wp-image-1532\" srcset=\"https:\/\/nanocars.de\/wp-content\/uploads\/2021\/08\/Emotion-Cross-Banner.png 1000w, https:\/\/nanocars.de\/wp-content\/uploads\/2021\/08\/Emotion-Cross-Banner-300x75.png 300w, https:\/\/nanocars.de\/wp-content\/uploads\/2021\/08\/Emotion-Cross-Banner-768x192.png 768w, https:\/\/nanocars.de\/wp-content\/uploads\/2021\/08\/Emotion-Cross-Banner-500x125.png 500w, https:\/\/nanocars.de\/wp-content\/uploads\/2021\/08\/Emotion-Cross-Banner-800x200.png 800w, https:\/\/nanocars.de\/wp-content\/uploads\/2021\/08\/Emotion-Cross-Banner-600x150.png 600w\" sizes=\"(max-width: 1000px) 100vw, 1000px\" \/><\/figure>\n\n\n\n<div class=\"wp-block-columns is-layout-flex wp-container-core-columns-layout-1 wp-block-columns-is-layout-flex\">\n<div class=\"wp-block-column is-layout-flow wp-block-column-is-layout-flow\"><\/div>\n\n\n\n<div class=\"wp-block-column is-layout-flow wp-block-column-is-layout-flow\" style=\"flex-basis:50%\">\n<p class=\"has-text-align-center has-medium-font-size\">Gemacht f\u00fcr gro\u00dfe und kleine Abenteuer, der<strong> Aixam Emotion Cross<\/strong>. Durch sein <strong>Schlechtwegefahrwerk<\/strong> und die <strong>erh\u00f6hte Sitzposition<\/strong> lassen sich auch <strong>unwegiges Gel\u00e4nde<\/strong> und kleinere Hindernisse im <strong>Stadtverkehr<\/strong> m\u00fchelos bew\u00e4ltigen. Egal ob Asphalt oder steiniger Feldweg, mit der Cross-Reihe <strong>folgen Sie ihrem eigenem Weg<\/strong>! Lassen Sie sich inspirieren von den M\u00f6glichkeiten der neuen Mobilit\u00e4t ab 15 Jahren!<\/p>\n<\/div>\n\n\n\n<div class=\"wp-block-column is-layout-flow wp-block-column-is-layout-flow\"><\/div>\n<\/div>\n\n\n\n<div class=\"wp-block-columns is-layout-flex wp-container-core-columns-layout-2 wp-block-columns-is-layout-flex\">\n<div class=\"wp-block-column is-layout-flow wp-block-column-is-layout-flow\">\n<figure class=\"wp-block-image size-large is-style-default\"><a href=\"https:\/\/nanocars.de\/?page_id=1547\"><img loading=\"lazy\" decoding=\"async\" width=\"700\" height=\"700\" src=\"https:\/\/nanocars.de\/wp-content\/uploads\/2021\/08\/Crossline-Button-700x700-1.png\" alt=\"\" class=\"wp-image-1534\" srcset=\"https:\/\/nanocars.de\/wp-content\/uploads\/2021\/08\/Crossline-Button-700x700-1.png 700w, https:\/\/nanocars.de\/wp-content\/uploads\/2021\/08\/Crossline-Button-700x700-1-300x300.png 300w, https:\/\/nanocars.de\/wp-content\/uploads\/2021\/08\/Crossline-Button-700x700-1-150x150.png 150w, https:\/\/nanocars.de\/wp-content\/uploads\/2021\/08\/Crossline-Button-700x700-1-500x500.png 500w, https:\/\/nanocars.de\/wp-content\/uploads\/2021\/08\/Crossline-Button-700x700-1-600x600.png 600w, https:\/\/nanocars.de\/wp-content\/uploads\/2021\/08\/Crossline-Button-700x700-1-100x100.png 100w\" sizes=\"(max-width: 700px) 100vw, 700px\" \/><\/a><\/figure>\n<\/div>\n\n\n\n<div class=\"wp-block-column is-layout-flow wp-block-column-is-layout-flow\">\n<figure class=\"wp-block-image size-large is-style-default\"><a href=\"https:\/\/nanocars.de\/?page_id=1570\"><img loading=\"lazy\" decoding=\"async\" width=\"700\" height=\"700\" src=\"https:\/\/nanocars.de\/wp-content\/uploads\/2021\/08\/Crossover-Button-700x700-1.png\" alt=\"\" class=\"wp-image-1536\" srcset=\"https:\/\/nanocars.de\/wp-content\/uploads\/2021\/08\/Crossover-Button-700x700-1.png 700w, https:\/\/nanocars.de\/wp-content\/uploads\/2021\/08\/Crossover-Button-700x700-1-300x300.png 300w, https:\/\/nanocars.de\/wp-content\/uploads\/2021\/08\/Crossover-Button-700x700-1-150x150.png 150w, https:\/\/nanocars.de\/wp-content\/uploads\/2021\/08\/Crossover-Button-700x700-1-500x500.png 500w, https:\/\/nanocars.de\/wp-content\/uploads\/2021\/08\/Crossover-Button-700x700-1-600x600.png 600w, https:\/\/nanocars.de\/wp-content\/uploads\/2021\/08\/Crossover-Button-700x700-1-100x100.png 100w\" sizes=\"(max-width: 700px) 100vw, 700px\" \/><\/a><\/figure>\n<\/div>\n<\/div>\n","protected":false},"excerpt":{"rendered":"<p>Gemacht f\u00fcr gro\u00dfe und kleine Abenteuer, der Aixam Emotion Cross. Durch sein Schlechtwegefahrwerk und die erh\u00f6hte Sitzposition lassen sich auch unwegiges Gel\u00e4nde und kleinere Hindernisse im Stadtverkehr m\u00fchelos bew\u00e4ltigen. Egal ob Asphalt oder steiniger Feldweg, mit der Cross-Reihe folgen Sie ihrem eigenem Weg! Lassen Sie sich inspirieren von den M\u00f6glichkeiten der neuen Mobilit\u00e4t ab 15 [&hellip;]<\/p>\n","protected":false},"author":1,"featured_media":0,"parent":0,"menu_order":0,"comment_status":"closed","ping_status":"closed","template":"","meta":{"footnotes":"","_vp_format_video_url":"","_vp_image_focal_point":[]},"_links":{"self":[{"href":"https:\/\/nanocars.de\/index.php?rest_route=\/wp\/v2\/pages\/1531"}],"collection":[{"href":"https:\/\/nanocars.de\/index.php?rest_route=\/wp\/v2\/pages"}],"about":[{"href":"https:\/\/nanocars.de\/index.php?rest_route=\/wp\/v2\/types\/page"}],"author":[{"embeddable":true,"href":"https:\/\/nanocars.de\/index.php?rest_route=\/wp\/v2\/users\/1"}],"replies":[{"embeddable":true,"href":"https:\/\/nanocars.de\/index.php?rest_route=%2Fwp%2Fv2%2Fcomments&post=1531"}],"version-history":[{"count":11,"href":"https:\/\/nanocars.de\/index.php?rest_route=\/wp\/v2\/pages\/1531\/revisions"}],"predecessor-version":[{"id":2046,"href":"https:\/\/nanocars.de\/index.php?rest_route=\/wp\/v2\/pages\/1531\/revisions\/2046"}],"wp:attachment":[{"href":"https:\/\/nanocars.de\/index.php?rest_route=%2Fwp%2Fv2%2Fmedia&parent=1531"}],"curies":[{"name":"wp","href":"https:\/\/api.w.org\/{rel}","templated":true}]}}