{"id":1408,"date":"2021-08-02T14:12:24","date_gmt":"2021-08-02T12:12:24","guid":{"rendered":"https:\/\/nanocars.de\/?page_id=1408"},"modified":"2021-08-03T13:49:39","modified_gmt":"2021-08-03T11:49:39","slug":"aixam-emotion-coupe","status":"publish","type":"page","link":"https:\/\/nanocars.de\/?page_id=1408","title":{"rendered":"Aixam Emotion Coupe"},"content":{"rendered":"\n<figure class=\"wp-block-image size-large is-style-rounded\"><img loading=\"lazy\" decoding=\"async\" width=\"1000\" height=\"250\" src=\"https:\/\/nanocars.de\/wp-content\/uploads\/2021\/08\/Emotion-Coupe-Banner-2.png\" alt=\"\" class=\"wp-image-1427\" srcset=\"https:\/\/nanocars.de\/wp-content\/uploads\/2021\/08\/Emotion-Coupe-Banner-2.png 1000w, https:\/\/nanocars.de\/wp-content\/uploads\/2021\/08\/Emotion-Coupe-Banner-2-300x75.png 300w, https:\/\/nanocars.de\/wp-content\/uploads\/2021\/08\/Emotion-Coupe-Banner-2-768x192.png 768w, https:\/\/nanocars.de\/wp-content\/uploads\/2021\/08\/Emotion-Coupe-Banner-2-500x125.png 500w, https:\/\/nanocars.de\/wp-content\/uploads\/2021\/08\/Emotion-Coupe-Banner-2-800x200.png 800w, https:\/\/nanocars.de\/wp-content\/uploads\/2021\/08\/Emotion-Coupe-Banner-2-600x150.png 600w\" sizes=\"(max-width: 1000px) 100vw, 1000px\" \/><\/figure>\n\n\n\n<div class=\"wp-block-columns is-layout-flex wp-container-core-columns-layout-1 wp-block-columns-is-layout-flex\">\n<div class=\"wp-block-column is-layout-flow wp-block-column-is-layout-flow\" style=\"flex-basis:50%\">\n<p class=\"has-text-align-left\" style=\"font-size:23px\">Entdecken Sie die Vielfalt der Emotion Coup\u00e9 Modelle! Vom <strong>Coup\u00e9 Evo<\/strong> der sportliche Allrounder mit solider Grundausstattung und <strong>sportlichen Details<\/strong>, bis hin zum dynamischen <strong>Coup\u00e9 GTI<\/strong> mit seiner sportlichen Optik und top Ausstattung, bei der so mancher moderne Mittelklasse Wagen alt aussieht! Die Aixam Emotion Coup\u00e9 Baureihe bietet <strong>f\u00fcr jede Altersklasse<\/strong> und jeden Verwendungszweck genau die richtige Ausstattungslinie. Lassen Sie sich inspirieren von den M\u00f6glichkeiten der neuen <strong>Mobilit\u00e4t ab 15<\/strong> <strong>Jahren<\/strong>!<\/p>\n<\/div>\n\n\n\n<div class=\"wp-block-column is-layout-flow wp-block-column-is-layout-flow\" style=\"flex-basis:50%\">\n<figure class=\"wp-block-image size-large\"><a href=\"https:\/\/nanocars.de\/?page_id=1448\"><img loading=\"lazy\" decoding=\"async\" width=\"700\" height=\"700\" src=\"https:\/\/nanocars.de\/wp-content\/uploads\/2021\/08\/Coupe-GTI-Button-700x700-1.png\" alt=\"\" class=\"wp-image-1415\" srcset=\"https:\/\/nanocars.de\/wp-content\/uploads\/2021\/08\/Coupe-GTI-Button-700x700-1.png 700w, https:\/\/nanocars.de\/wp-content\/uploads\/2021\/08\/Coupe-GTI-Button-700x700-1-300x300.png 300w, https:\/\/nanocars.de\/wp-content\/uploads\/2021\/08\/Coupe-GTI-Button-700x700-1-150x150.png 150w, https:\/\/nanocars.de\/wp-content\/uploads\/2021\/08\/Coupe-GTI-Button-700x700-1-500x500.png 500w, https:\/\/nanocars.de\/wp-content\/uploads\/2021\/08\/Coupe-GTI-Button-700x700-1-600x600.png 600w, https:\/\/nanocars.de\/wp-content\/uploads\/2021\/08\/Coupe-GTI-Button-700x700-1-100x100.png 100w\" sizes=\"(max-width: 700px) 100vw, 700px\" \/><\/a><\/figure>\n<\/div>\n<\/div>\n\n\n\n<div class=\"wp-block-columns is-layout-flex wp-container-core-columns-layout-2 wp-block-columns-is-layout-flex\">\n<div class=\"wp-block-column is-layout-flow wp-block-column-is-layout-flow\" style=\"flex-basis:45%\">\n<p class=\"has-medium-font-size\"><\/p>\n<\/div>\n<\/div>\n\n\n\n<div class=\"wp-block-columns is-layout-flex wp-container-core-columns-layout-3 wp-block-columns-is-layout-flex\">\n<div class=\"wp-block-column is-layout-flow wp-block-column-is-layout-flow\">\n<figure class=\"wp-block-image size-large\"><a href=\"https:\/\/nanocars.de\/?page_id=1501\"><img loading=\"lazy\" decoding=\"async\" width=\"700\" height=\"700\" src=\"https:\/\/nanocars.de\/wp-content\/uploads\/2021\/08\/Coupe-Evo-Button-700x700-1.png\" alt=\"\" class=\"wp-image-1411\" srcset=\"https:\/\/nanocars.de\/wp-content\/uploads\/2021\/08\/Coupe-Evo-Button-700x700-1.png 700w, https:\/\/nanocars.de\/wp-content\/uploads\/2021\/08\/Coupe-Evo-Button-700x700-1-300x300.png 300w, https:\/\/nanocars.de\/wp-content\/uploads\/2021\/08\/Coupe-Evo-Button-700x700-1-150x150.png 150w, https:\/\/nanocars.de\/wp-content\/uploads\/2021\/08\/Coupe-Evo-Button-700x700-1-500x500.png 500w, https:\/\/nanocars.de\/wp-content\/uploads\/2021\/08\/Coupe-Evo-Button-700x700-1-600x600.png 600w, https:\/\/nanocars.de\/wp-content\/uploads\/2021\/08\/Coupe-Evo-Button-700x700-1-100x100.png 100w\" sizes=\"(max-width: 700px) 100vw, 700px\" \/><\/a><\/figure>\n<\/div>\n\n\n\n<div class=\"wp-block-column is-layout-flow wp-block-column-is-layout-flow\">\n<figure class=\"wp-block-image size-large\"><a href=\"https:\/\/nanocars.de\/?page_id=1478\"><img loading=\"lazy\" decoding=\"async\" width=\"700\" height=\"700\" src=\"https:\/\/nanocars.de\/wp-content\/uploads\/2021\/08\/Coupe-Premium-Button-700x700-1.png\" alt=\"\" class=\"wp-image-1412\" srcset=\"https:\/\/nanocars.de\/wp-content\/uploads\/2021\/08\/Coupe-Premium-Button-700x700-1.png 700w, https:\/\/nanocars.de\/wp-content\/uploads\/2021\/08\/Coupe-Premium-Button-700x700-1-300x300.png 300w, https:\/\/nanocars.de\/wp-content\/uploads\/2021\/08\/Coupe-Premium-Button-700x700-1-150x150.png 150w, https:\/\/nanocars.de\/wp-content\/uploads\/2021\/08\/Coupe-Premium-Button-700x700-1-500x500.png 500w, https:\/\/nanocars.de\/wp-content\/uploads\/2021\/08\/Coupe-Premium-Button-700x700-1-600x600.png 600w, https:\/\/nanocars.de\/wp-content\/uploads\/2021\/08\/Coupe-Premium-Button-700x700-1-100x100.png 100w\" sizes=\"(max-width: 700px) 100vw, 700px\" \/><\/a><\/figure>\n<\/div>\n<\/div>\n","protected":false},"excerpt":{"rendered":"<p>Entdecken Sie die Vielfalt der Emotion Coup\u00e9 Modelle! Vom Coup\u00e9 Evo der sportliche Allrounder mit solider Grundausstattung und sportlichen Details, bis hin zum dynamischen Coup\u00e9 GTI mit seiner sportlichen Optik und top Ausstattung, bei der so mancher moderne Mittelklasse Wagen alt aussieht! Die Aixam Emotion Coup\u00e9 Baureihe bietet f\u00fcr jede Altersklasse und jeden Verwendungszweck genau [&hellip;]<\/p>\n","protected":false},"author":1,"featured_media":0,"parent":0,"menu_order":0,"comment_status":"closed","ping_status":"closed","template":"","meta":{"footnotes":"","_vp_format_video_url":"","_vp_image_focal_point":[]},"_links":{"self":[{"href":"https:\/\/nanocars.de\/index.php?rest_route=\/wp\/v2\/pages\/1408"}],"collection":[{"href":"https:\/\/nanocars.de\/index.php?rest_route=\/wp\/v2\/pages"}],"about":[{"href":"https:\/\/nanocars.de\/index.php?rest_route=\/wp\/v2\/types\/page"}],"author":[{"embeddable":true,"href":"https:\/\/nanocars.de\/index.php?rest_route=\/wp\/v2\/users\/1"}],"replies":[{"embeddable":true,"href":"https:\/\/nanocars.de\/index.php?rest_route=%2Fwp%2Fv2%2Fcomments&post=1408"}],"version-history":[{"count":27,"href":"https:\/\/nanocars.de\/index.php?rest_route=\/wp\/v2\/pages\/1408\/revisions"}],"predecessor-version":[{"id":1530,"href":"https:\/\/nanocars.de\/index.php?rest_route=\/wp\/v2\/pages\/1408\/revisions\/1530"}],"wp:attachment":[{"href":"https:\/\/nanocars.de\/index.php?rest_route=%2Fwp%2Fv2%2Fmedia&parent=1408"}],"curies":[{"name":"wp","href":"https:\/\/api.w.org\/{rel}","templated":true}]}}